{"id":184,"date":"2020-08-25T09:17:35","date_gmt":"2020-08-25T06:17:35","guid":{"rendered":"https:\/\/demo2wpopal.b-cdn.net\/poco\/?page_id=184"},"modified":"2022-06-09T18:13:59","modified_gmt":"2022-06-09T15:13:59","slug":"hakkimizda","status":"publish","type":"page","link":"http:\/\/antakiyakunefe.com.tr\/index.php\/hakkimizda\/","title":{"rendered":"Hakk\u0131m\u0131zda"},"content":{"rendered":"\t\t<div data-elementor-type=\"wp-page\" data-elementor-id=\"184\" class=\"elementor elementor-184\">\n\t\t\t\t\t\t\t\t\t<div class=\"elementor-section elementor-top-section elementor-element elementor-element-2436bfd elementor-section-stretched elementor-reverse-mobile elementor-section-boxed elementor-section-height-default elementor-section-height-default\" data-id=\"2436bfd\" data-element_type=\"section\" data-settings=\"{&quot;stretch_section&quot;:&quot;section-stretched&quot;}\">\n\t\t\t\t\t\t<div class=\"elementor-container elementor-column-gap-no\">\n\t\t\t\t\t<div class=\"elementor-column elementor-col-50 elementor-top-column elementor-element elementor-element-fef6218\" data-id=\"fef6218\" data-element_type=\"column\">\n\t\t\t<div class=\"elementor-widget-wrap elementor-element-populated\">\n\t\t\t\t\t\t\t\t<div class=\"elementor-element elementor-element-053ee5b elementor-widget elementor-widget-text-editor\" data-id=\"053ee5b\" data-element_type=\"widget\" data-widget_type=\"text-editor.default\">\n\t\t\t\t<div class=\"elementor-widget-container\">\n\t\t\t<style>\/*! elementor - v3.6.6 - 08-06-2022 *\/\n.elementor-widget-text-editor.elementor-drop-cap-view-stacked .elementor-drop-cap{background-color:#818a91;color:#fff}.elementor-widget-text-editor.elementor-drop-cap-view-framed .elementor-drop-cap{color:#818a91;border:3px solid;background-color:transparent}.elementor-widget-text-editor:not(.elementor-drop-cap-view-default) .elementor-drop-cap{margin-top:8px}.elementor-widget-text-editor:not(.elementor-drop-cap-view-default) .elementor-drop-cap-letter{width:1em;height:1em}.elementor-widget-text-editor .elementor-drop-cap{float:left;text-align:center;line-height:1;font-size:50px}.elementor-widget-text-editor .elementor-drop-cap-letter{display:inline-block}<\/style>\t\t\t\t<p>Hikayemiz<\/p>\t\t\t\t\t\t<\/div>\n\t\t\t\t<\/div>\n\t\t\t\t<div class=\"elementor-element elementor-element-3d352d8 elementor-widget elementor-widget-heading\" data-id=\"3d352d8\" data-element_type=\"widget\" data-widget_type=\"heading.default\">\n\t\t\t\t<div class=\"elementor-widget-container\">\n\t\t\t<style>\/*! elementor - v3.6.6 - 08-06-2022 *\/\n.elementor-heading-title{padding:0;margin:0;line-height:1}.elementor-widget-heading .elementor-heading-title[class*=elementor-size-]>a{color:inherit;font-size:inherit;line-height:inherit}.elementor-widget-heading .elementor-heading-title.elementor-size-small{font-size:15px}.elementor-widget-heading .elementor-heading-title.elementor-size-medium{font-size:19px}.elementor-widget-heading .elementor-heading-title.elementor-size-large{font-size:29px}.elementor-widget-heading .elementor-heading-title.elementor-size-xl{font-size:39px}.elementor-widget-heading .elementor-heading-title.elementor-size-xxl{font-size:59px}<\/style><h2 class=\"elementor-heading-title elementor-size-default\">Antakiya K\u00fcnefe\u2019nin Hikayesi<\/h2>\t\t<\/div>\n\t\t\t\t<\/div>\n\t\t\t\t<div class=\"elementor-element elementor-element-9c043d4 elementor-widget elementor-widget-text-editor\" data-id=\"9c043d4\" data-element_type=\"widget\" data-widget_type=\"text-editor.default\">\n\t\t\t\t<div class=\"elementor-widget-container\">\n\t\t\t\t\t\t\t<p>Saray mutfa\u011f\u0131n\u0131n en lezzetli tatl\u0131lar\u0131 aras\u0131nda yer alan, her lokmada sizi e\u015fsiz bir lezzet yolculu\u011funa \u00e7\u0131karan \u015ferbetli tatl\u0131lar\u0131m\u0131z ile a\u011f\u0131zlar\u0131 tatland\u0131rmaya, g\u00f6n\u00fclleri ho\u015f tutmaya, sevenleri bulu\u015fturmaya geldik!\u00a0D\u00fcnyan\u0131n ilk peynir tatl\u0131s\u0131 olarak bilinen ve y\u00fczy\u0131llardan bu yana damaklar\u0131n\u0131z\u0131 \u015fenlendiren k\u00fcnefenin en has\u0131n\u0131 ve enfes \u015ferbetli tatl\u0131lar\u0131 sizler i\u00e7in sunuyoruz..<\/p>\t\t\t\t\t\t<\/div>\n\t\t\t\t<\/div>\n\t\t\t\t<div class=\"elementor-element elementor-element-9605a46 elementor-mobile-align-center elementor-widget elementor-widget-button\" data-id=\"9605a46\" data-element_type=\"widget\" data-widget_type=\"button.default\">\n\t\t\t\t<div class=\"elementor-widget-container\">\n\t\t\t\t\t<div class=\"elementor-button-wrapper\">\n\t\t\t<a href=\"#\" class=\"elementor-button-link elementor-button elementor-size-sm\" role=\"button\">\n\t\t\t\t\t\t<span class=\"elementor-button-content-wrapper\">\n\t\t\t\t\t\t<span class=\"elementor-button-text\">DEVAMINI OKU<\/span>\n\t\t<\/span>\n\t\t\t\t\t<\/a>\n\t\t<\/div>\n\t\t\t\t<\/div>\n\t\t\t\t<\/div>\n\t\t\t\t\t<\/div>\n\t\t<\/div>\n\t\t\t\t<div class=\"elementor-column elementor-col-50 elementor-top-column elementor-element elementor-element-981c252 elementor-invisible\" data-id=\"981c252\" data-element_type=\"column\" data-settings=\"{&quot;animation&quot;:&quot;opal-move-right&quot;,&quot;background_background&quot;:&quot;classic&quot;,&quot;background_motion_fx_motion_fx_scrolling&quot;:&quot;yes&quot;,&quot;background_motion_fx_translateY_effect&quot;:&quot;yes&quot;,&quot;background_motion_fx_translateY_speed&quot;:{&quot;unit&quot;:&quot;px&quot;,&quot;size&quot;:2,&quot;sizes&quot;:[]},&quot;background_motion_fx_translateY_affectedRange&quot;:{&quot;unit&quot;:&quot;%&quot;,&quot;size&quot;:&quot;&quot;,&quot;sizes&quot;:{&quot;start&quot;:0,&quot;end&quot;:100}},&quot;background_motion_fx_devices&quot;:[&quot;desktop&quot;,&quot;tablet&quot;,&quot;mobile&quot;]}\">\n\t\t\t<div class=\"elementor-widget-wrap elementor-element-populated\">\n\t\t\t\t\t\t\t\t<div class=\"elementor-element elementor-element-e75607d elementor-widget elementor-widget-image\" data-id=\"e75607d\" data-element_type=\"widget\" data-settings=\"{&quot;motion_fx_motion_fx_scrolling&quot;:&quot;yes&quot;,&quot;motion_fx_translateY_effect&quot;:&quot;yes&quot;,&quot;motion_fx_translateY_direction&quot;:&quot;negative&quot;,&quot;motion_fx_translateY_speed&quot;:{&quot;unit&quot;:&quot;px&quot;,&quot;size&quot;:2,&quot;sizes&quot;:[]},&quot;motion_fx_devices&quot;:[&quot;desktop&quot;,&quot;tablet&quot;],&quot;motion_fx_translateY_affectedRange&quot;:{&quot;unit&quot;:&quot;%&quot;,&quot;size&quot;:&quot;&quot;,&quot;sizes&quot;:{&quot;start&quot;:0,&quot;end&quot;:100}}}\" data-widget_type=\"image.default\">\n\t\t\t\t<div class=\"elementor-widget-container\">\n\t\t\t<style>\/*! elementor - v3.6.6 - 08-06-2022 *\/\n.elementor-widget-image{text-align:center}.elementor-widget-image a{display:inline-block}.elementor-widget-image a img[src$=\".svg\"]{width:48px}.elementor-widget-image img{vertical-align:middle;display:inline-block}<\/style>\t\t\t\t\t\t\t\t\t\t\t\t<img loading=\"lazy\" decoding=\"async\" width=\"721\" height=\"374\" src=\"http:\/\/antakiyakunefe.com.tr\/wp-content\/uploads\/2022\/06\/icon5.png\" class=\"attachment-full size-full\" alt=\"\" srcset=\"http:\/\/antakiyakunefe.com.tr\/wp-content\/uploads\/2022\/06\/icon5.png 721w, http:\/\/antakiyakunefe.com.tr\/wp-content\/uploads\/2022\/06\/icon5-300x156.png 300w\" sizes=\"auto, (max-width: 721px) 100vw, 721px\" \/>\t\t\t\t\t\t\t\t\t\t\t\t\t\t\t<\/div>\n\t\t\t\t<\/div>\n\t\t\t\t\t<\/div>\n\t\t<\/div>\n\t\t\t\t\t\t\t<\/div>\n\t\t<\/div>\n\t\t\t\t<div class=\"elementor-section elementor-top-section elementor-element elementor-element-8bb263b elementor-section-stretched elementor-section-boxed elementor-section-height-default elementor-section-height-default\" data-id=\"8bb263b\" data-element_type=\"section\" data-settings=\"{&quot;stretch_section&quot;:&quot;section-stretched&quot;}\">\n\t\t\t\t\t\t<div class=\"elementor-container elementor-column-gap-no\">\n\t\t\t\t\t<div class=\"elementor-column elementor-col-50 elementor-top-column elementor-element elementor-element-2f7dae2\" data-id=\"2f7dae2\" data-element_type=\"column\">\n\t\t\t<div class=\"elementor-widget-wrap elementor-element-populated\">\n\t\t\t\t\t\t\t\t<div class=\"elementor-element elementor-element-f1534aa elementor-widget__width-auto elementor-absolute elementor-widget elementor-widget-image\" data-id=\"f1534aa\" data-element_type=\"widget\" data-settings=\"{&quot;_position&quot;:&quot;absolute&quot;,&quot;motion_fx_motion_fx_scrolling&quot;:&quot;yes&quot;,&quot;motion_fx_translateY_effect&quot;:&quot;yes&quot;,&quot;motion_fx_translateY_speed&quot;:{&quot;unit&quot;:&quot;px&quot;,&quot;size&quot;:4,&quot;sizes&quot;:[]},&quot;motion_fx_translateY_affectedRange&quot;:{&quot;unit&quot;:&quot;%&quot;,&quot;size&quot;:&quot;&quot;,&quot;sizes&quot;:{&quot;start&quot;:0,&quot;end&quot;:100}},&quot;motion_fx_devices&quot;:[&quot;desktop&quot;,&quot;tablet&quot;,&quot;mobile&quot;]}\" data-widget_type=\"image.default\">\n\t\t\t\t<div class=\"elementor-widget-container\">\n\t\t\t\t\t\t\t\t\t\t\t\t\t\t\t<img loading=\"lazy\" decoding=\"async\" width=\"143\" height=\"89\" src=\"http:\/\/antakiyakunefe.com.tr\/wp-content\/uploads\/2022\/06\/ELEMENT-1.png\" class=\"attachment-full size-full\" alt=\"\" \/>\t\t\t\t\t\t\t\t\t\t\t\t\t\t\t<\/div>\n\t\t\t\t<\/div>\n\t\t\t\t<div class=\"elementor-element elementor-element-c790323 elementor-widget elementor-widget-text-editor\" data-id=\"c790323\" data-element_type=\"widget\" data-widget_type=\"text-editor.default\">\n\t\t\t\t<div class=\"elementor-widget-container\">\n\t\t\t\t\t\t\t<p>b\u0130ZDEN<\/p>\t\t\t\t\t\t<\/div>\n\t\t\t\t<\/div>\n\t\t\t\t<div class=\"elementor-element elementor-element-97313b4 elementor-widget elementor-widget-heading\" data-id=\"97313b4\" data-element_type=\"widget\" data-widget_type=\"heading.default\">\n\t\t\t\t<div class=\"elementor-widget-container\">\n\t\t\t<h2 class=\"elementor-heading-title elementor-size-default\">K\u00fcnefe\u2018nin Tarih\u00e7esi\n<\/h2>\t\t<\/div>\n\t\t\t\t<\/div>\n\t\t\t\t<div class=\"elementor-element elementor-element-5472e60 elementor-widget elementor-widget-text-editor\" data-id=\"5472e60\" data-element_type=\"widget\" data-widget_type=\"text-editor.default\">\n\t\t\t\t<div class=\"elementor-widget-container\">\n\t\t\t\t\t\t\t<p>Son y\u0131llarda olduk\u00e7a s\u0131k t\u00fcketmeye ba\u015flam\u0131\u015f oldu\u011fumuz k\u00fcnefenin tarihsel yolculu\u011fu bir hayli ilgin\u00e7. Peki bu leziz tatl\u0131n\u0131n 10.y\u00fczy\u0131ldan beri yap\u0131lmakta oldu\u011funu biliyor muydunuz? Filistin topraklar\u0131nda yer alan Nablus \u015fehrine ait olan bir tatl\u0131d\u0131r.<\/p><p><br \/>D\u00f6nemin eserlerinde k\u00fcnefenin; bug\u00fcnk\u00fc kaday\u0131fa benzeyen bir t\u00fcr hamurun i\u00e7ine \u00e7i\u011f s\u00fctten kestirilerek yap\u0131lan tuzsuz bir peynir konularak k\u0131zart\u0131ld\u0131\u011f\u0131 bilinmektedir. Bu peynir de yine Nablus \u015fehrinde yeti\u015ftirilen koyunlar\u0131n s\u00fct\u00fcnden elde edilir ve k\u0131vam\u0131 olduk\u00e7a yo\u011fundur. Kaynaklarda bu peynirden Nalbusi Peyniri olarak bahsedilir.<\/p><p>\u00a0<\/p><p>K\u00fcnefenin tarihini inceledi\u011fimizde Orta Do\u011fu topraklar\u0131nda \u00e7ok h\u0131zl\u0131 bir \u015fekilde yay\u0131ld\u0131\u011f\u0131n\u0131 g\u00f6r\u00fcyoruz. Osmanl\u0131 d\u00f6neminde Arap toplumlar\u0131 ile s\u00fcrekli etkile\u015fim i\u00e7inde bulunmam\u0131zdan dolay\u0131 Araplar taraf\u0131ndan \u00e7ok s\u0131k t\u00fcketilen bu tatl\u0131 k\u0131sa bir s\u00fcrede Anadolu topraklar\u0131nda da ad\u0131ndan s\u00f6z ettirmeye ba\u015flam\u0131\u015ft\u0131r.<\/p><p>\u00a0<\/p><p>Arap\u00e7a beyitlerde Kanefeh ya da Kunefah olarak ge\u00e7en bu tatl\u0131n\u0131n g\u00fcn\u00fcm\u00fczde Hatay, Mersin ve Gaziantep gibi illerimizle ad\u0131n\u0131n birlikte an\u0131lmas\u0131 bu kentlerde ya\u015fayan Arap k\u00f6kenli insan say\u0131s\u0131n\u0131n fazla olmas\u0131 ile a\u00e7\u0131klanabilir. Anadolu halk\u0131n\u0131n hamur i\u015fine, \u015fekere ve peynire d\u00fc\u015fk\u00fcn olu\u015fu da bu tatl\u0131n\u0131n benimsenmesine neden olan etkenlerden biridir.<\/p>\t\t\t\t\t\t<\/div>\n\t\t\t\t<\/div>\n\t\t\t\t\t<\/div>\n\t\t<\/div>\n\t\t\t\t<div class=\"elementor-column elementor-col-50 elementor-top-column elementor-element elementor-element-cf6d801 elementor-hidden-phone\" data-id=\"cf6d801\" data-element_type=\"column\">\n\t\t\t<div class=\"elementor-widget-wrap elementor-element-populated\">\n\t\t\t\t\t\t\t\t<div class=\"elementor-section elementor-inner-section elementor-element elementor-element-0fb7cb2 elementor-section-boxed elementor-section-height-default elementor-section-height-default\" data-id=\"0fb7cb2\" data-element_type=\"section\">\n\t\t\t\t\t\t<div class=\"elementor-container elementor-column-gap-no\">\n\t\t\t\t\t<div class=\"elementor-column elementor-col-50 elementor-inner-column elementor-element elementor-element-1215d9a\" data-id=\"1215d9a\" data-element_type=\"column\">\n\t\t\t<div class=\"elementor-widget-wrap elementor-element-populated\">\n\t\t\t\t\t\t\t\t<div class=\"elementor-element elementor-element-bcb1e34 elementor-invisible elementor-widget elementor-widget-image\" data-id=\"bcb1e34\" data-element_type=\"widget\" data-settings=\"{&quot;_animation&quot;:&quot;opal-move-up&quot;,&quot;_animation_delay&quot;:200}\" data-widget_type=\"image.default\">\n\t\t\t\t<div class=\"elementor-widget-container\">\n\t\t\t\t\t\t\t\t\t\t\t\t\t\t\t<img loading=\"lazy\" decoding=\"async\" width=\"280\" height=\"440\" src=\"http:\/\/antakiyakunefe.com.tr\/wp-content\/uploads\/2022\/06\/BANNER-01.png\" class=\"elementor-animation-float attachment-full size-full\" alt=\"\" srcset=\"http:\/\/antakiyakunefe.com.tr\/wp-content\/uploads\/2022\/06\/BANNER-01.png 280w, http:\/\/antakiyakunefe.com.tr\/wp-content\/uploads\/2022\/06\/BANNER-01-191x300.png 191w\" sizes=\"auto, (max-width: 280px) 100vw, 280px\" \/>\t\t\t\t\t\t\t\t\t\t\t\t\t\t\t<\/div>\n\t\t\t\t<\/div>\n\t\t\t\t<div class=\"elementor-element elementor-element-f306fab elementor-widget__width-auto elementor-absolute elementor-widget elementor-widget-image\" data-id=\"f306fab\" data-element_type=\"widget\" data-settings=\"{&quot;motion_fx_motion_fx_scrolling&quot;:&quot;yes&quot;,&quot;motion_fx_translateY_effect&quot;:&quot;yes&quot;,&quot;_position&quot;:&quot;absolute&quot;,&quot;motion_fx_translateY_speed&quot;:{&quot;unit&quot;:&quot;px&quot;,&quot;size&quot;:4,&quot;sizes&quot;:[]},&quot;motion_fx_translateY_affectedRange&quot;:{&quot;unit&quot;:&quot;%&quot;,&quot;size&quot;:&quot;&quot;,&quot;sizes&quot;:{&quot;start&quot;:0,&quot;end&quot;:100}},&quot;motion_fx_devices&quot;:[&quot;desktop&quot;,&quot;tablet&quot;,&quot;mobile&quot;]}\" data-widget_type=\"image.default\">\n\t\t\t\t<div class=\"elementor-widget-container\">\n\t\t\t\t\t\t\t\t\t\t\t\t\t\t\t<img loading=\"lazy\" decoding=\"async\" width=\"143\" height=\"115\" src=\"http:\/\/antakiyakunefe.com.tr\/wp-content\/uploads\/2022\/06\/ELEMENT2.png\" class=\"attachment-full size-full\" alt=\"\" \/>\t\t\t\t\t\t\t\t\t\t\t\t\t\t\t<\/div>\n\t\t\t\t<\/div>\n\t\t\t\t<div class=\"elementor-element elementor-element-31d3cef elementor-invisible elementor-widget elementor-widget-image\" data-id=\"31d3cef\" data-element_type=\"widget\" data-settings=\"{&quot;_animation&quot;:&quot;opal-move-up&quot;,&quot;_animation_delay&quot;:400}\" data-widget_type=\"image.default\">\n\t\t\t\t<div class=\"elementor-widget-container\">\n\t\t\t\t\t\t\t\t\t\t\t\t\t\t\t<img loading=\"lazy\" decoding=\"async\" width=\"391\" height=\"245\" src=\"http:\/\/antakiyakunefe.com.tr\/wp-content\/uploads\/2022\/06\/BANNER6.png\" class=\"elementor-animation-float attachment-full size-full\" alt=\"\" srcset=\"http:\/\/antakiyakunefe.com.tr\/wp-content\/uploads\/2022\/06\/BANNER6.png 391w, http:\/\/antakiyakunefe.com.tr\/wp-content\/uploads\/2022\/06\/BANNER6-300x188.png 300w\" sizes=\"auto, (max-width: 391px) 100vw, 391px\" \/>\t\t\t\t\t\t\t\t\t\t\t\t\t\t\t<\/div>\n\t\t\t\t<\/div>\n\t\t\t\t\t<\/div>\n\t\t<\/div>\n\t\t\t\t<div class=\"elementor-column elementor-col-50 elementor-inner-column elementor-element elementor-element-766c036\" data-id=\"766c036\" data-element_type=\"column\">\n\t\t\t<div class=\"elementor-widget-wrap elementor-element-populated\">\n\t\t\t\t\t\t\t\t<div class=\"elementor-element elementor-element-f5455d6 elementor-invisible elementor-widget elementor-widget-image\" data-id=\"f5455d6\" data-element_type=\"widget\" data-settings=\"{&quot;_animation&quot;:&quot;opal-move-up&quot;,&quot;_animation_delay&quot;:400}\" data-widget_type=\"image.default\">\n\t\t\t\t<div class=\"elementor-widget-container\">\n\t\t\t\t\t\t\t\t\t\t\t\t\t\t\t<img loading=\"lazy\" decoding=\"async\" width=\"391\" height=\"245\" src=\"http:\/\/antakiyakunefe.com.tr\/wp-content\/uploads\/2022\/06\/BANNER-02.png\" class=\"elementor-animation-float attachment-full size-full\" alt=\"\" srcset=\"http:\/\/antakiyakunefe.com.tr\/wp-content\/uploads\/2022\/06\/BANNER-02.png 391w, http:\/\/antakiyakunefe.com.tr\/wp-content\/uploads\/2022\/06\/BANNER-02-300x188.png 300w\" sizes=\"auto, (max-width: 391px) 100vw, 391px\" \/>\t\t\t\t\t\t\t\t\t\t\t\t\t\t\t<\/div>\n\t\t\t\t<\/div>\n\t\t\t\t<div class=\"elementor-element elementor-element-91f2382 elementor-invisible elementor-widget elementor-widget-image\" data-id=\"91f2382\" data-element_type=\"widget\" data-settings=\"{&quot;_animation&quot;:&quot;opal-move-up&quot;,&quot;_animation_delay&quot;:600}\" data-widget_type=\"image.default\">\n\t\t\t\t<div class=\"elementor-widget-container\">\n\t\t\t\t\t\t\t\t\t\t\t\t\t\t\t<img loading=\"lazy\" decoding=\"async\" width=\"280\" height=\"320\" src=\"http:\/\/antakiyakunefe.com.tr\/wp-content\/uploads\/2022\/06\/BANNER-03.png\" class=\"elementor-animation-float attachment-full size-full\" alt=\"\" srcset=\"http:\/\/antakiyakunefe.com.tr\/wp-content\/uploads\/2022\/06\/BANNER-03.png 280w, http:\/\/antakiyakunefe.com.tr\/wp-content\/uploads\/2022\/06\/BANNER-03-263x300.png 263w\" sizes=\"auto, (max-width: 280px) 100vw, 280px\" \/>\t\t\t\t\t\t\t\t\t\t\t\t\t\t\t<\/div>\n\t\t\t\t<\/div>\n\t\t\t\t<div class=\"elementor-element elementor-element-d2c78b6 elementor-widget__width-auto elementor-absolute elementor-widget elementor-widget-image\" data-id=\"d2c78b6\" data-element_type=\"widget\" data-settings=\"{&quot;motion_fx_motion_fx_scrolling&quot;:&quot;yes&quot;,&quot;motion_fx_translateY_effect&quot;:&quot;yes&quot;,&quot;_position&quot;:&quot;absolute&quot;,&quot;motion_fx_translateY_speed&quot;:{&quot;unit&quot;:&quot;px&quot;,&quot;size&quot;:4,&quot;sizes&quot;:[]},&quot;motion_fx_translateY_affectedRange&quot;:{&quot;unit&quot;:&quot;%&quot;,&quot;size&quot;:&quot;&quot;,&quot;sizes&quot;:{&quot;start&quot;:0,&quot;end&quot;:100}},&quot;motion_fx_devices&quot;:[&quot;desktop&quot;,&quot;tablet&quot;,&quot;mobile&quot;]}\" data-widget_type=\"image.default\">\n\t\t\t\t<div class=\"elementor-widget-container\">\n\t\t\t\t\t\t\t\t\t\t\t\t\t\t\t<img loading=\"lazy\" decoding=\"async\" width=\"143\" height=\"89\" src=\"http:\/\/antakiyakunefe.com.tr\/wp-content\/uploads\/2022\/06\/ELEMENT-1.png\" class=\"attachment-full size-full\" alt=\"\" \/>\t\t\t\t\t\t\t\t\t\t\t\t\t\t\t<\/div>\n\t\t\t\t<\/div>\n\t\t\t\t\t<\/div>\n\t\t<\/div>\n\t\t\t\t\t\t\t<\/div>\n\t\t<\/div>\n\t\t\t\t\t<\/div>\n\t\t<\/div>\n\t\t\t\t\t\t\t<\/div>\n\t\t<\/div>\n\t\t\t\t\t\t\t<\/div>\n\t\t","protected":false},"excerpt":{"rendered":"<p>Hikayemiz Antakiya K\u00fcnefe\u2019nin Hikayesi Saray mutfa\u011f\u0131n\u0131n en lezzetli tatl\u0131lar\u0131 aras\u0131nda yer alan, her lokmada sizi e\u015fsiz bir lezzet yolculu\u011funa \u00e7\u0131karan \u015ferbetli tatl\u0131lar\u0131m\u0131z ile a\u011f\u0131zlar\u0131 tatland\u0131rmaya, g\u00f6n\u00fclleri ho\u015f tutmaya, sevenleri bulu\u015fturmaya geldik!\u00a0D\u00fcnyan\u0131n ilk peynir tatl\u0131s\u0131 olarak bilinen ve y\u00fczy\u0131llardan bu yana damaklar\u0131n\u0131z\u0131 \u015fenlendiren k\u00fcnefenin en has\u0131n\u0131 ve enfes \u015ferbetli tatl\u0131lar\u0131 sizler i\u00e7in sunuyoruz.. DEVAMINI OKU b\u0130ZDEN [&hellip;]<\/p>\n","protected":false},"author":2,"featured_media":0,"parent":0,"menu_order":0,"comment_status":"closed","ping_status":"closed","template":"","meta":{"inline_featured_image":false,"footnotes":""},"class_list":["post-184","page","type-page","status-publish","hentry"],"_links":{"self":[{"href":"http:\/\/antakiyakunefe.com.tr\/index.php\/wp-json\/wp\/v2\/pages\/184","targetHints":{"allow":["GET"]}}],"collection":[{"href":"http:\/\/antakiyakunefe.com.tr\/index.php\/wp-json\/wp\/v2\/pages"}],"about":[{"href":"http:\/\/antakiyakunefe.com.tr\/index.php\/wp-json\/wp\/v2\/types\/page"}],"author":[{"embeddable":true,"href":"http:\/\/antakiyakunefe.com.tr\/index.php\/wp-json\/wp\/v2\/users\/2"}],"replies":[{"embeddable":true,"href":"http:\/\/antakiyakunefe.com.tr\/index.php\/wp-json\/wp\/v2\/comments?post=184"}],"version-history":[{"count":8,"href":"http:\/\/antakiyakunefe.com.tr\/index.php\/wp-json\/wp\/v2\/pages\/184\/revisions"}],"predecessor-version":[{"id":3640,"href":"http:\/\/antakiyakunefe.com.tr\/index.php\/wp-json\/wp\/v2\/pages\/184\/revisions\/3640"}],"wp:attachment":[{"href":"http:\/\/antakiyakunefe.com.tr\/index.php\/wp-json\/wp\/v2\/media?parent=184"}],"curies":[{"name":"wp","href":"https:\/\/api.w.org\/{rel}","templated":true}]}}